{"id":130,"date":"2025-08-21T09:46:31","date_gmt":"2025-08-21T09:46:31","guid":{"rendered":"https:\/\/villa-hugo.de\/?page_id=130"},"modified":"2025-09-04T13:40:40","modified_gmt":"2025-09-04T13:40:40","slug":"preise","status":"publish","type":"page","link":"https:\/\/villa-hugo.de\/?page_id=130","title":{"rendered":"Preise"},"content":{"rendered":"\t\t<div data-elementor-type=\"wp-page\" data-elementor-id=\"130\" class=\"elementor elementor-130\">\n\t\t\t\t<div class=\"elementor-element elementor-element-b80515e e-flex e-con-boxed e-con e-parent\" data-id=\"b80515e\" data-element_type=\"container\">\n\t\t\t\t\t<div class=\"e-con-inner\">\n\t\t\t\t<div class=\"elementor-element elementor-element-b0929c8 elementor-widget elementor-widget-heading\" data-id=\"b0929c8\" data-element_type=\"widget\" data-widget_type=\"heading.default\">\n\t\t\t\t\t<h1 class=\"elementor-heading-title elementor-size-default\">Ferienhaus im Spreewald<\/h1>\t\t\t\t<\/div>\n\t\t\t\t<div class=\"elementor-element elementor-element-7916668 elementor-widget elementor-widget-heading\" data-id=\"7916668\" data-element_type=\"widget\" data-widget_type=\"heading.default\">\n\t\t\t\t\t<h2 class=\"elementor-heading-title elementor-size-default\">Hier f\u00fchlt sich Urlaub wie Zuhause an<\/h2>\t\t\t\t<\/div>\n\t\t\t\t\t<\/div>\n\t\t\t\t<\/div>\n\t\t<div class=\"elementor-element elementor-element-76ef401 e-con-full e-flex e-con e-parent\" data-id=\"76ef401\" data-element_type=\"container\">\n\t\t\t\t<div class=\"elementor-element elementor-element-abec830 eael-pricing-content-align-center eael-pricing-button-align-center elementor-widget elementor-widget-eael-pricing-table\" data-id=\"abec830\" data-element_type=\"widget\" data-widget_type=\"eael-pricing-table.default\">\n\t\t\t\t\t                    <div class=\"eael-pricing style-1\" >\n                <div class=\"eael-pricing-item \">\n                    <div class=\"header\">\n                        <h2 class=\"title\">Hugos Villa<\/h2>\n                    <\/div>\n                    <div class=\"eael-pricing-tag\">\n                        <span class=\"price-tag\"><span class=\"original-price\"><span class=\"price-currency\">\u20ac<\/span>270<\/span><\/span><span class=\"price-period\">\/Nacht<\/span>                    <\/div>\n                    <div class=\"body\">\n                                <ul>\n                            <li class=\"elementor-repeater-item-8939e9e\">\n                    \n                                <span class=\"li-icon\">\n                <svg aria-hidden=\"true\" class=\"e-font-icon-svg e-fas-check\" viewBox=\"0 0 512 512\" xmlns=\"http:\/\/www.w3.org\/2000\/svg\"><path d=\"M173.898 439.404l-166.4-166.4c-9.997-9.997-9.997-26.206 0-36.204l36.203-36.204c9.997-9.998 26.207-9.998 36.204 0L192 312.69 432.095 72.596c9.997-9.997 26.207-9.997 36.204 0l36.203 36.204c9.997 9.997 9.997 26.206 0 36.204l-294.4 294.401c-9.998 9.997-26.207 9.997-36.204-.001z\"><\/path><\/svg>            <\/span>\n\n        \n                    <span >bis zu 6 Personen<\/span>\n                    \n                     \n                <\/li>\n                            <li class=\"elementor-repeater-item-be67253\">\n                    \n                                <span class=\"li-icon\">\n                <svg aria-hidden=\"true\" class=\"e-font-icon-svg e-fas-check\" viewBox=\"0 0 512 512\" xmlns=\"http:\/\/www.w3.org\/2000\/svg\"><path d=\"M173.898 439.404l-166.4-166.4c-9.997-9.997-9.997-26.206 0-36.204l36.203-36.204c9.997-9.998 26.207-9.998 36.204 0L192 312.69 432.095 72.596c9.997-9.997 26.207-9.997 36.204 0l36.203 36.204c9.997 9.997 9.997 26.206 0 36.204l-294.4 294.401c-9.998 9.997-26.207 9.997-36.204-.001z\"><\/path><\/svg>            <\/span>\n\n        \n                    <span >inklusive Saunanutzung<\/span>\n                    \n                     \n                <\/li>\n                            <li class=\"elementor-repeater-item-b6c6870\">\n                    \n                                <span class=\"li-icon\">\n                <svg aria-hidden=\"true\" class=\"e-font-icon-svg e-fas-check\" viewBox=\"0 0 512 512\" xmlns=\"http:\/\/www.w3.org\/2000\/svg\"><path d=\"M173.898 439.404l-166.4-166.4c-9.997-9.997-9.997-26.206 0-36.204l36.203-36.204c9.997-9.998 26.207-9.998 36.204 0L192 312.69 432.095 72.596c9.997-9.997 26.207-9.997 36.204 0l36.203 36.204c9.997 9.997 9.997 26.206 0 36.204l-294.4 294.401c-9.998 9.997-26.207 9.997-36.204-.001z\"><\/path><\/svg>            <\/span>\n\n        \n                    <span >inklusive Kaminnutzung<\/span>\n                    \n                     \n                <\/li>\n                            <li class=\"elementor-repeater-item-de1629a\">\n                    \n                                <span class=\"li-icon\">\n                <svg aria-hidden=\"true\" class=\"e-font-icon-svg e-fas-check\" viewBox=\"0 0 512 512\" xmlns=\"http:\/\/www.w3.org\/2000\/svg\"><path d=\"M173.898 439.404l-166.4-166.4c-9.997-9.997-9.997-26.206 0-36.204l36.203-36.204c9.997-9.998 26.207-9.998 36.204 0L192 312.69 432.095 72.596c9.997-9.997 26.207-9.997 36.204 0l36.203 36.204c9.997 9.997 9.997 26.206 0 36.204l-294.4 294.401c-9.998 9.997-26.207 9.997-36.204-.001z\"><\/path><\/svg>            <\/span>\n\n        \n                    <span >inklusive Strom, Wasser und Nebenkosten<\/span>\n                    \n                     \n                <\/li>\n                    <\/ul>\n                        <\/div>\n\t                                <\/div>\n            <\/div>\n                    \t\t\t\t<\/div>\n\t\t\t\t<div class=\"elementor-element elementor-element-02048e1 elementor-widget elementor-widget-text-editor\" data-id=\"02048e1\" data-element_type=\"widget\" data-widget_type=\"text-editor.default\">\n\t\t\t\t\t\t\t\t\t<p>Wenn Sie Bettw\u00e4sche und Handt\u00fccher von uns nutzen wollen, stellen wir Ihnen gern ein <strong>W\u00e4schepaket<\/strong> zur Verf\u00fcgung. F\u00fcr einmalig <strong>10,00 \u20ac pro Person<\/strong> erhalten Sie frische <strong>Bettw\u00e4sche<\/strong>, ein <strong>Handtuch<\/strong> und ein <strong>Duschtuch<\/strong>. Eine Duschmatte liegt f\u00fcr den gesamten Aufenthalt bereit.<\/p><p>Das W\u00e4schepaket sowie die Kosten im Falle der Bootsnutzung zahlen Sie bitte bar vor Ort.<\/p><p>Schicken Sie uns bitte eine <a href=\"https:\/\/villa-hugo.de\/?page_id=57\"><strong>Buchungsanfrage<\/strong><\/a> und wir senden Ihnen ein Angebot zu. Im Falle Ihrer verbindlichen Buchung, erhalten Sie eine Buchungsbest\u00e4tigung, der Sie alle weiteren Details zu Zahlung und R\u00fccktrittsm\u00f6glichkeiten entnehmen k\u00f6nnen.<\/p><p>In der Regel ist eine Anzahlung innerhalb von einer Woche nach Erhalt der Buchungsbest\u00e4tigung f\u00e4llig, der Rest bis sp\u00e4testens einen Monat vor Anreise.<\/p><p>Bei l\u00e4ngeren Aufenthalten als einer Woche sprechen Sie uns bitte per <a href=\"mailto:info@villa-hugo.de\">E-Mail<\/a> an oder schicken uns einfach eine <a href=\"https:\/\/villa-hugo.de\/?page_id=57\"><strong>Buchungsanfrage<\/strong><\/a>.<\/p>\t\t\t\t\t\t\t\t<\/div>\n\t\t\t\t<\/div>\n\t\t<div class=\"elementor-element elementor-element-41b8f55 e-flex e-con-boxed e-con e-parent\" data-id=\"41b8f55\" data-element_type=\"container\">\n\t\t\t\t\t<div class=\"e-con-inner\">\n\t\t<div class=\"elementor-element elementor-element-3f34d5d e-con-full e-flex e-con e-child\" data-id=\"3f34d5d\" data-element_type=\"container\">\n\t\t\t\t<div class=\"elementor-element elementor-element-084e7d4 elementor-align-center elementor-widget elementor-widget-button\" data-id=\"084e7d4\" data-element_type=\"widget\" data-widget_type=\"button.default\">\n\t\t\t\t\t\t\t\t\t\t<a class=\"elementor-button elementor-button-link elementor-size-sm\" href=\"https:\/\/villa-hugo.de\/?page_id=57\">\n\t\t\t\t\t\t<span class=\"elementor-button-content-wrapper\">\n\t\t\t\t\t\t\t\t\t<span class=\"elementor-button-text\">Buchung<\/span>\n\t\t\t\t\t<\/span>\n\t\t\t\t\t<\/a>\n\t\t\t\t\t\t\t\t<\/div>\n\t\t\t\t<\/div>\n\t\t\t\t\t<\/div>\n\t\t\t\t<\/div>\n\t\t\t\t<\/div>\n\t\t","protected":false},"excerpt":{"rendered":"<p>Ferienhaus im Spreewald Hier f\u00fchlt sich Urlaub wie Zuhause an Hugos Villa \u20ac270\/Nacht bis zu 6 Personen inklusive Saunanutzung inklusive Kaminnutzung inklusive Strom, Wasser und Nebenkosten Wenn Sie Bettw\u00e4sche und Handt\u00fccher von uns nutzen wollen, stellen wir Ihnen gern ein W\u00e4schepaket zur Verf\u00fcgung. F\u00fcr einmalig 10,00 \u20ac pro Person erhalten Sie frische Bettw\u00e4sche, ein Handtuch [&hellip;]<\/p>\n","protected":false},"author":1,"featured_media":0,"parent":0,"menu_order":0,"comment_status":"closed","ping_status":"closed","template":"","meta":{"footnotes":""},"class_list":["post-130","page","type-page","status-publish","hentry"],"jetpack_sharing_enabled":true,"_links":{"self":[{"href":"https:\/\/villa-hugo.de\/index.php?rest_route=\/wp\/v2\/pages\/130","targetHints":{"allow":["GET"]}}],"collection":[{"href":"https:\/\/villa-hugo.de\/index.php?rest_route=\/wp\/v2\/pages"}],"about":[{"href":"https:\/\/villa-hugo.de\/index.php?rest_route=\/wp\/v2\/types\/page"}],"author":[{"embeddable":true,"href":"https:\/\/villa-hugo.de\/index.php?rest_route=\/wp\/v2\/users\/1"}],"replies":[{"embeddable":true,"href":"https:\/\/villa-hugo.de\/index.php?rest_route=%2Fwp%2Fv2%2Fcomments&post=130"}],"version-history":[{"count":23,"href":"https:\/\/villa-hugo.de\/index.php?rest_route=\/wp\/v2\/pages\/130\/revisions"}],"predecessor-version":[{"id":335,"href":"https:\/\/villa-hugo.de\/index.php?rest_route=\/wp\/v2\/pages\/130\/revisions\/335"}],"wp:attachment":[{"href":"https:\/\/villa-hugo.de\/index.php?rest_route=%2Fwp%2Fv2%2Fmedia&parent=130"}],"curies":[{"name":"wp","href":"https:\/\/api.w.org\/{rel}","templated":true}]}}